{"id":908,"date":"2026-03-16T10:02:49","date_gmt":"2026-03-16T09:02:49","guid":{"rendered":"https:\/\/hotelmichelet.fr\/contact\/"},"modified":"2026-04-09T17:43:53","modified_gmt":"2026-04-09T15:43:53","slug":"contact","status":"publish","type":"page","link":"https:\/\/hotelmichelet.fr\/en\/contact\/","title":{"rendered":"Contact"},"content":{"rendered":"\t\t<div data-elementor-type=\"wp-page\" data-elementor-id=\"908\" class=\"elementor elementor-908 elementor-544\">\n\t\t\t\t\t\t<section class=\"elementor-section elementor-top-section elementor-element elementor-element-20cd2b7 elementor-section-stretched elementor-section-boxed elementor-section-height-default elementor-section-height-default wpr-particle-no wpr-jarallax-no wpr-parallax-no wpr-sticky-section-no\" data-id=\"20cd2b7\" data-element_type=\"section\" data-e-type=\"section\" data-settings=\"{&quot;stretch_section&quot;:&quot;section-stretched&quot;}\">\n\t\t\t\t\t\t<div class=\"elementor-container elementor-column-gap-default\">\n\t\t\t\t\t<div class=\"elementor-column elementor-col-100 elementor-top-column elementor-element elementor-element-a6faf70\" data-id=\"a6faf70\" data-element_type=\"column\" data-e-type=\"column\">\n\t\t\t<div class=\"elementor-widget-wrap elementor-element-populated\">\n\t\t\t\t\t\t<div class=\"elementor-element elementor-element-75f275d elementor-widget elementor-widget-heading\" data-id=\"75f275d\" data-element_type=\"widget\" data-e-type=\"widget\" data-widget_type=\"heading.default\">\n\t\t\t\t\t<h1 class=\"elementor-heading-title elementor-size-default\">Contact Us!<\/h1>\t\t\t\t<\/div>\n\t\t\t\t<section class=\"elementor-section elementor-inner-section elementor-element elementor-element-444d585 elementor-section-content-middle elementor-section-boxed elementor-section-height-default elementor-section-height-default wpr-particle-no wpr-jarallax-no wpr-parallax-no wpr-sticky-section-no\" data-id=\"444d585\" data-element_type=\"section\" data-e-type=\"section\">\n\t\t\t\t\t\t<div class=\"elementor-container elementor-column-gap-default\">\n\t\t\t\t\t<div class=\"elementor-column elementor-col-50 elementor-inner-column elementor-element elementor-element-b8b537b\" data-id=\"b8b537b\" data-element_type=\"column\" data-e-type=\"column\">\n\t\t\t<div class=\"elementor-widget-wrap elementor-element-populated\">\n\t\t\t\t\t\t<div class=\"elementor-element elementor-element-c03e3f0 elementor-widget elementor-widget-heading\" data-id=\"c03e3f0\" data-element_type=\"widget\" data-e-type=\"widget\" data-widget_type=\"heading.default\">\n\t\t\t\t\t<h3 class=\"elementor-heading-title elementor-size-default\">Hotel Contact Details<\/h3>\t\t\t\t<\/div>\n\t\t\t\t<div class=\"elementor-element elementor-element-faa1a8a elementor-align-start elementor-icon-list--layout-traditional elementor-list-item-link-full_width elementor-widget elementor-widget-icon-list\" data-id=\"faa1a8a\" data-element_type=\"widget\" data-e-type=\"widget\" data-widget_type=\"icon-list.default\">\n\t\t\t\t\t\t\t<ul class=\"elementor-icon-list-items\">\n\t\t\t\t\t\t\t<li class=\"elementor-icon-list-item\">\n\t\t\t\t\t\t\t\t\t\t\t<a href=\"mailto:hotelmicheletplage@gmail.com\">\n\n\t\t\t\t\t\t\t\t\t\t\t\t<span class=\"elementor-icon-list-icon\">\n\t\t\t\t\t\t\t<svg aria-hidden=\"true\" class=\"e-font-icon-svg e-fas-map-pin\" viewBox=\"0 0 288 512\" xmlns=\"http:\/\/www.w3.org\/2000\/svg\"><path d=\"M112 316.94v156.69l22.02 33.02c4.75 7.12 15.22 7.12 19.97 0L176 473.63V316.94c-10.39 1.92-21.06 3.06-32 3.06s-21.61-1.14-32-3.06zM144 0C64.47 0 0 64.47 0 144s64.47 144 144 144 144-64.47 144-144S223.53 0 144 0zm0 76c-37.5 0-68 30.5-68 68 0 6.62-5.38 12-12 12s-12-5.38-12-12c0-50.73 41.28-92 92-92 6.62 0 12 5.38 12 12s-5.38 12-12 12z\"><\/path><\/svg>\t\t\t\t\t\t<\/span>\n\t\t\t\t\t\t\t\t\t\t<span class=\"elementor-icon-list-text\">1 rue Bernard Baguenard, 33780 Soulac-sur-Mer<\/span>\n\t\t\t\t\t\t\t\t\t\t\t<\/a>\n\t\t\t\t\t\t\t\t\t<\/li>\n\t\t\t\t\t\t\t\t<li class=\"elementor-icon-list-item\">\n\t\t\t\t\t\t\t\t\t\t\t<a href=\"mailto:hotelmicheletplage@gmail.com\">\n\n\t\t\t\t\t\t\t\t\t\t\t\t<span class=\"elementor-icon-list-icon\">\n\t\t\t\t\t\t\t<svg aria-hidden=\"true\" class=\"e-font-icon-svg e-far-envelope\" viewBox=\"0 0 512 512\" xmlns=\"http:\/\/www.w3.org\/2000\/svg\"><path d=\"M464 64H48C21.49 64 0 85.49 0 112v288c0 26.51 21.49 48 48 48h416c26.51 0 48-21.49 48-48V112c0-26.51-21.49-48-48-48zm0 48v40.805c-22.422 18.259-58.168 46.651-134.587 106.49-16.841 13.247-50.201 45.072-73.413 44.701-23.208.375-56.579-31.459-73.413-44.701C106.18 199.465 70.425 171.067 48 152.805V112h416zM48 400V214.398c22.914 18.251 55.409 43.862 104.938 82.646 21.857 17.205 60.134 55.186 103.062 54.955 42.717.231 80.509-37.199 103.053-54.947 49.528-38.783 82.032-64.401 104.947-82.653V400H48z\"><\/path><\/svg>\t\t\t\t\t\t<\/span>\n\t\t\t\t\t\t\t\t\t\t<span class=\"elementor-icon-list-text\">hotelmicheletplage@gmail.com<\/span>\n\t\t\t\t\t\t\t\t\t\t\t<\/a>\n\t\t\t\t\t\t\t\t\t<\/li>\n\t\t\t\t\t\t\t\t<li class=\"elementor-icon-list-item\">\n\t\t\t\t\t\t\t\t\t\t\t<a href=\"tel:+33556098418\">\n\n\t\t\t\t\t\t\t\t\t\t\t\t<span class=\"elementor-icon-list-icon\">\n\t\t\t\t\t\t\t<svg aria-hidden=\"true\" class=\"e-font-icon-svg e-fas-phone-alt\" viewBox=\"0 0 512 512\" xmlns=\"http:\/\/www.w3.org\/2000\/svg\"><path d=\"M497.39 361.8l-112-48a24 24 0 0 0-28 6.9l-49.6 60.6A370.66 370.66 0 0 1 130.6 204.11l60.6-49.6a23.94 23.94 0 0 0 6.9-28l-48-112A24.16 24.16 0 0 0 122.6.61l-104 24A24 24 0 0 0 0 48c0 256.5 207.9 464 464 464a24 24 0 0 0 23.4-18.6l24-104a24.29 24.29 0 0 0-14.01-27.6z\"><\/path><\/svg>\t\t\t\t\t\t<\/span>\n\t\t\t\t\t\t\t\t\t\t<span class=\"elementor-icon-list-text\">+ 33 (0) 556098418<\/span>\n\t\t\t\t\t\t\t\t\t\t\t<\/a>\n\t\t\t\t\t\t\t\t\t<\/li>\n\t\t\t\t\t\t<\/ul>\n\t\t\t\t\t\t<\/div>\n\t\t\t\t<div class=\"elementor-element elementor-element-1ffcdd5 e-grid-align-left elementor-shape-rounded elementor-grid-0 elementor-widget elementor-widget-social-icons\" data-id=\"1ffcdd5\" data-element_type=\"widget\" data-e-type=\"widget\" data-widget_type=\"social-icons.default\">\n\t\t\t\t\t\t\t<div class=\"elementor-social-icons-wrapper elementor-grid\" role=\"list\">\n\t\t\t\t\t\t\t<span class=\"elementor-grid-item\" role=\"listitem\">\n\t\t\t\t\t<a class=\"elementor-icon elementor-social-icon elementor-social-icon-facebook elementor-repeater-item-7033f6a\" href=\"https:\/\/www.facebook.com\/profile.php?id=100094440587710\" target=\"_blank\">\n\t\t\t\t\t\t<span class=\"elementor-screen-only\">Facebook<\/span>\n\t\t\t\t\t\t<svg aria-hidden=\"true\" class=\"e-font-icon-svg e-fab-facebook\" viewBox=\"0 0 512 512\" xmlns=\"http:\/\/www.w3.org\/2000\/svg\"><path d=\"M504 256C504 119 393 8 256 8S8 119 8 256c0 123.78 90.69 226.38 209.25 245V327.69h-63V256h63v-54.64c0-62.15 37-96.48 93.67-96.48 27.14 0 55.52 4.84 55.52 4.84v61h-31.28c-30.8 0-40.41 19.12-40.41 38.73V256h68.78l-11 71.69h-57.78V501C413.31 482.38 504 379.78 504 256z\"><\/path><\/svg>\t\t\t\t\t<\/a>\n\t\t\t\t<\/span>\n\t\t\t\t\t\t\t<span class=\"elementor-grid-item\" role=\"listitem\">\n\t\t\t\t\t<a class=\"elementor-icon elementor-social-icon elementor-social-icon-instagram elementor-repeater-item-773f0a5\" href=\"https:\/\/www.instagram.com\/hotel_michelet_plage_\/\" target=\"_blank\">\n\t\t\t\t\t\t<span class=\"elementor-screen-only\">Instagram<\/span>\n\t\t\t\t\t\t<svg aria-hidden=\"true\" class=\"e-font-icon-svg e-fab-instagram\" viewBox=\"0 0 448 512\" xmlns=\"http:\/\/www.w3.org\/2000\/svg\"><path d=\"M224.1 141c-63.6 0-114.9 51.3-114.9 114.9s51.3 114.9 114.9 114.9S339 319.5 339 255.9 287.7 141 224.1 141zm0 189.6c-41.1 0-74.7-33.5-74.7-74.7s33.5-74.7 74.7-74.7 74.7 33.5 74.7 74.7-33.6 74.7-74.7 74.7zm146.4-194.3c0 14.9-12 26.8-26.8 26.8-14.9 0-26.8-12-26.8-26.8s12-26.8 26.8-26.8 26.8 12 26.8 26.8zm76.1 27.2c-1.7-35.9-9.9-67.7-36.2-93.9-26.2-26.2-58-34.4-93.9-36.2-37-2.1-147.9-2.1-184.9 0-35.8 1.7-67.6 9.9-93.9 36.1s-34.4 58-36.2 93.9c-2.1 37-2.1 147.9 0 184.9 1.7 35.9 9.9 67.7 36.2 93.9s58 34.4 93.9 36.2c37 2.1 147.9 2.1 184.9 0 35.9-1.7 67.7-9.9 93.9-36.2 26.2-26.2 34.4-58 36.2-93.9 2.1-37 2.1-147.8 0-184.8zM398.8 388c-7.8 19.6-22.9 34.7-42.6 42.6-29.5 11.7-99.5 9-132.1 9s-102.7 2.6-132.1-9c-19.6-7.8-34.7-22.9-42.6-42.6-11.7-29.5-9-99.5-9-132.1s-2.6-102.7 9-132.1c7.8-19.6 22.9-34.7 42.6-42.6 29.5-11.7 99.5-9 132.1-9s102.7-2.6 132.1 9c19.6 7.8 34.7 22.9 42.6 42.6 11.7 29.5 9 99.5 9 132.1s2.7 102.7-9 132.1z\"><\/path><\/svg>\t\t\t\t\t<\/a>\n\t\t\t\t<\/span>\n\t\t\t\t\t<\/div>\n\t\t\t\t\t\t<\/div>\n\t\t\t\t\t<\/div>\n\t\t<\/div>\n\t\t\t\t<div class=\"elementor-column elementor-col-50 elementor-inner-column elementor-element elementor-element-977cbef\" data-id=\"977cbef\" data-element_type=\"column\" data-e-type=\"column\">\n\t\t\t<div class=\"elementor-widget-wrap elementor-element-populated\">\n\t\t\t\t\t\t<div class=\"elementor-element elementor-element-cdc407f fluentform-widget-submit-button-center fluentform-widget-submit-button-custom elementor-widget elementor-widget-fluent-form-widget\" data-id=\"cdc407f\" data-element_type=\"widget\" data-e-type=\"widget\" data-widget_type=\"fluent-form-widget.default\">\n\t\t\t\t<div class=\"elementor-widget-container\">\n\t\t\t\t\t\n            <div class=\"fluentform-widget-wrapper hide-fluent-form-labels fluentform-widget-align-default\">\n\n            \n            <div class='fluentform ff-default fluentform_wrapper_3 ffs_default_wrap'><form data-form_id=\"3\" id=\"fluentform_3\" class=\"frm-fluent-form fluent_form_3 ff-el-form-top ff_form_instance_3_1 ff-form-loading ff_has_v3_recptcha ffs_default\" data-form_instance=\"ff_form_instance_3_1\" method=\"POST\" data-recptcha_key=\"6Le2PqMsAAAAAH-eC-rNW2kz_WPUJL7Bj2me7Vwc\" ><fieldset  style=\"border: none!important;margin: 0!important;padding: 0!important;background-color: transparent!important;box-shadow: none!important;outline: none!important; min-inline-size: 100%;\">\n                    <legend class=\"ff_screen_reader_title\" style=\"display: block; margin: 0!important;padding: 0!important;height: 0!important;text-indent: -999999px;width: 0!important;overflow:hidden;\">Contact<\/legend><p style=\"display: none !important;\" class=\"akismet-fields-container\" data-prefix=\"ak_\"><label>&#916;<textarea name=\"ak_hp_textarea\" cols=\"45\" rows=\"8\" maxlength=\"100\"><\/textarea><\/label><input type=\"hidden\" id=\"ak_js_1\" name=\"ak_js\" value=\"9\"\/><script>document.getElementById( \"ak_js_1\" ).setAttribute( \"value\", ( new Date() ).getTime() );<\/script><\/p>        <div\n                style=\"display: none!important; position: absolute!important; transform: translateX(1000%)!important;\"\n                class=\"ff-el-group ff-hpsf-container\"\n        >\n            <div class=\"ff-el-input--label asterisk-right\">\n                <label for=\"ff_3_item_sf\" aria-label=\"Subscribe\">\n                    Subscribe                <\/label>\n            <\/div>\n            <div class=\"ff-el-input--content\">\n                <input type=\"text\"\n                       name=\"item_3__fluent_sf\"\n                       class=\"ff-el-form-control\"\n                       id=\"ff_3_item_sf\"\n                \/>\n            <\/div>\n        <\/div>\n        <input type='hidden' name='__fluent_form_embded_post_id' value='908' \/><input type=\"hidden\" id=\"_fluentform_3_fluentformnonce\" name=\"_fluentform_3_fluentformnonce\" value=\"b36aad452f\" \/><input type=\"hidden\" name=\"_wp_http_referer\" value=\"\/en\/wp-json\/wp\/v2\/pages\/908\" \/><div data-type=\"name-element\" data-name=\"nom_complet\" class=\" ff-field_container ff-name-field-wrapper\" ><div class='ff-t-container'><div class='ff-t-cell '><div class='ff-el-group ff-el-form-top'><div class=\"ff-el-input--label ff-el-is-required asterisk-right\"><label for='ff_3_nom_complet_first_name_' id='label_ff_3_nom_complet_first_name_' >Pr\u00e9nom<\/label><\/div><div class='ff-el-input--content'><input type=\"text\" name=\"nom_complet[first_name]\" id=\"ff_3_nom_complet_first_name_\" class=\"ff-el-form-control\" placeholder=\"Pr\u00e9nom *\" aria-invalid=\"false\" aria-required=true><\/div><\/div><\/div><div class='ff-t-cell '><div class='ff-el-group ff-el-form-top'><div class=\"ff-el-input--label ff-el-is-required asterisk-right\"><label for='ff_3_nom_complet_last_name_' id='label_ff_3_nom_complet_last_name_' >Nom de famille<\/label><\/div><div class='ff-el-input--content'><input type=\"text\" name=\"nom_complet[last_name]\" id=\"ff_3_nom_complet_last_name_\" class=\"ff-el-form-control\" placeholder=\"Nom de famille *\" aria-invalid=\"false\" aria-required=true><\/div><\/div><\/div><\/div><\/div><div class='ff-el-group'><div class=\"ff-el-input--label ff-el-is-required asterisk-right\"><label for='ff_3_email' id='label_ff_3_email' aria-label=\"Email\">Email<\/label><\/div><div class='ff-el-input--content'><input type=\"email\" name=\"email\" id=\"ff_3_email\" class=\"ff-el-form-control\" placeholder=\"Email *\" data-name=\"email\"  aria-invalid=\"false\" aria-required=true><\/div><\/div><div class='ff-el-group'><div class=\"ff-el-input--label ff-el-is-required asterisk-right\"><label for='ff_3_input_text' id='label_ff_3_input_text' aria-label=\"T\u00e9l\u00e9phone\">T\u00e9l\u00e9phone<\/label><\/div><div class='ff-el-input--content'><input type=\"text\" name=\"input_text\" class=\"ff-el-form-control\" placeholder=\"T\u00e9l\u00e9phone *\" data-name=\"input_text\" id=\"ff_3_input_text\"  aria-invalid=\"false\" aria-required=true><\/div><\/div><div class='ff-el-group'><div class=\"ff-el-input--label ff-el-is-required asterisk-right\"><label for='ff_3_description' id='label_ff_3_description' aria-label=\"Message\">Message<\/label><\/div><div class='ff-el-input--content'><textarea aria-required=\"true\" aria-labelledby=\"label_ff_3_description\" name=\"description\" id=\"ff_3_description\" class=\"ff-el-form-control\" placeholder=\"Saisissez votre message ...\" rows=\"3\" cols=\"2\" data-name=\"description\" ><\/textarea><\/div><\/div><div class='ff-el-group ff-text-left ff_submit_btn_wrapper'><button type=\"submit\" class=\"ff-btn ff-btn-submit ff-btn-md ff_btn_style\"  aria-label=\"Envoyer\">Envoyer<\/button><\/div><\/fieldset><\/form><div id='fluentform_3_errors' class='ff-errors-in-stack ff_form_instance_3_1 ff-form-loading_errors ff_form_instance_3_1_errors'><\/div><\/div>            <script type=\"text\/javascript\">\n                window.fluent_form_ff_form_instance_3_1 = {\"id\":\"3\",\"settings\":{\"layout\":{\"labelPlacement\":\"top\",\"asteriskPlacement\":\"asterisk-right\",\"helpMessagePlacement\":\"with_label\",\"errorMessagePlacement\":\"inline\",\"cssClassName\":\"\"},\"restrictions\":{\"denyEmptySubmission\":{\"enabled\":false}}},\"form_instance\":\"ff_form_instance_3_1\",\"form_id_selector\":\"fluentform_3\",\"rules\":{\"nom_complet[first_name]\":{\"required\":{\"value\":true,\"message\":\"Ce champ est obligatoire\",\"global_message\":\"Ce champ est obligatoire\",\"global\":true}},\"nom_complet[middle_name]\":{\"required\":{\"value\":false,\"message\":\"Ce champ est obligatoire\",\"global_message\":\"Ce champ est obligatoire\",\"global\":true}},\"nom_complet[last_name]\":{\"required\":{\"value\":true,\"message\":\"Ce champ est obligatoire\",\"global_message\":\"Ce champ est obligatoire\",\"global\":true}},\"email\":{\"required\":{\"value\":true,\"message\":\"Ce champ est obligatoire\",\"global_message\":\"Ce champ est obligatoire\",\"global\":true},\"email\":{\"value\":true,\"message\":\"Ce champ doit contenir un e-mail valide\",\"global_message\":\"Ce champ doit contenir un e-mail valide\",\"global\":true}},\"input_text\":{\"required\":{\"value\":true,\"message\":\"Ce champ est obligatoire\",\"global_message\":\"Ce champ est obligatoire\",\"global\":true}},\"description\":{\"required\":{\"value\":true,\"message\":\"Ce champ est obligatoire\",\"global_message\":\"Ce champ est obligatoire\",\"global\":true}},\"g-recaptcha-response\":[]},\"debounce_time\":300};\n                            <\/script>\n                        <\/div>\n\n            \t\t\t\t<\/div>\n\t\t\t\t<\/div>\n\t\t\t\t\t<\/div>\n\t\t<\/div>\n\t\t\t\t\t<\/div>\n\t\t<\/section>\n\t\t\t\t<div class=\"elementor-element elementor-element-4458c2a elementor-widget elementor-widget-heading\" data-id=\"4458c2a\" data-element_type=\"widget\" data-e-type=\"widget\" data-widget_type=\"heading.default\">\n\t\t\t\t\t<h3 class=\"elementor-heading-title elementor-size-default\">HOW TO GET HERE...<\/h3>\t\t\t\t<\/div>\n\t\t\t\t<div class=\"elementor-element elementor-element-6042d3d elementor-widget elementor-widget-text-editor\" data-id=\"6042d3d\" data-element_type=\"widget\" data-e-type=\"widget\" data-widget_type=\"text-editor.default\">\n\t\t\t\t\t\t\t\t\t<p>Located 1 km from the train station (Line 42 Bordeaux\/Pointe de Grave), Hotel Michelet Plage** is ideally situated, right in the city center, not far from the &#8220;Rue de la Plage&#8221; and its shops.<\/p><p>If you are coming by car, from Royan, the <a href=\"https:\/\/www.gironde.fr\/deplacements\/les-bacs-girondins-ferries\" target=\"_blank\" rel=\"noopener\">ferries provide crossings to Le Verdon<\/a>; from Bordeaux, you will take the D215.<\/p><p>You can park your vehicle in the La Baleine car park on Rue Trouche, 50m from the hotel (paid from June 15 to September 15), in the Casino car park, or in the streets of Soulac-sur-Mer&#8230;<\/p>\t\t\t\t\t\t\t\t<\/div>\n\t\t\t\t<div class=\"elementor-element elementor-element-5ffc823 elementor-widget elementor-widget-google_maps\" data-id=\"5ffc823\" data-element_type=\"widget\" data-e-type=\"widget\" data-widget_type=\"google_maps.default\">\n\t\t\t\t\t\t\t<div class=\"elementor-custom-embed\">\n\t\t\t<iframe loading=\"lazy\"\n\t\t\t\t\tsrc=\"https:\/\/maps.google.com\/maps?q=H%C3%B4tel%20Michelet%20Plage&#038;t=m&#038;z=12&#038;output=embed&#038;iwloc=near\"\n\t\t\t\t\ttitle=\"H\u00f4tel Michelet Plage\"\n\t\t\t\t\taria-label=\"H\u00f4tel Michelet Plage\"\n\t\t\t><\/iframe>\n\t\t<\/div>\n\t\t\t\t\t\t<\/div>\n\t\t\t\t\t<\/div>\n\t\t<\/div>\n\t\t\t\t\t<\/div>\n\t\t<\/section>\n\t\t\t\t<\/div>\n\t\t","protected":false},"excerpt":{"rendered":"<p>Contact Us! Hotel Contact Details 1 rue Bernard Baguenard, 33780 Soulac-sur-Mer hotelmicheletplage@gmail.com + 33 (0) 556098418 Facebook Instagram Contact &#916; Notify Pr\u00e9nomNom de familleEmailT\u00e9l\u00e9phoneMessageEnvoyer HOW TO GET HERE&#8230; Located 1 km from the train station (Line 42 Bordeaux\/Pointe de Grave), Hotel Michelet Plage** is ideally situated, right in the city center, not far from the &#8220;Rue de la Plage&#8221; and its shops. If you are coming by car, from Royan, the ferries provide crossings to Le Verdon; from Bordeaux, you will take the D215. You can park your vehicle in the La Baleine car park on Rue Trouche, 50m from the hotel (paid from June 15 to September 15), in the Casino car park, or in the streets of Soulac-sur-Mer&#8230;<\/p>\n","protected":false},"author":2,"featured_media":0,"parent":0,"menu_order":0,"comment_status":"closed","ping_status":"closed","template":"","meta":{"footnotes":""},"class_list":["post-908","page","type-page","status-publish","hentry"],"yoast_head":"<!-- This site is optimized with the Yoast SEO plugin v27.3 - https:\/\/yoast.com\/product\/yoast-seo-wordpress\/ -->\n<title>Contact - H\u00f4tel Michelet<\/title>\n<meta name=\"robots\" content=\"index, follow, max-snippet:-1, max-image-preview:large, max-video-preview:-1\" \/>\n<link rel=\"canonical\" href=\"https:\/\/hotelmichelet.fr\/en\/contact\/\" \/>\n<meta property=\"og:locale\" content=\"en_US\" \/>\n<meta property=\"og:type\" content=\"article\" \/>\n<meta property=\"og:title\" content=\"Contact - H\u00f4tel Michelet\" \/>\n<meta property=\"og:description\" content=\"Contact Us! Hotel Contact Details 1 rue Bernard Baguenard, 33780 Soulac-sur-Mer hotelmicheletplage@gmail.com + 33 (0) 556098418 Facebook Instagram Contact &#916; Notify Pr\u00e9nomNom de familleEmailT\u00e9l\u00e9phoneMessageEnvoyer HOW TO GET HERE&#8230; Located 1 km from the train station (Line 42 Bordeaux\/Pointe de Grave), Hotel Michelet Plage** is ideally situated, right in the city center, not far from the &#8220;Rue de la Plage&#8221; and its shops. If you are coming by car, from Royan, the ferries provide crossings to Le Verdon; from Bordeaux, you will take the D215. You can park your vehicle in the La Baleine car park on Rue Trouche, 50m from the hotel (paid from June 15 to September 15), in the Casino car park, or in the streets of Soulac-sur-Mer&#8230;\" \/>\n<meta property=\"og:url\" content=\"https:\/\/hotelmichelet.fr\/en\/contact\/\" \/>\n<meta property=\"og:site_name\" content=\"H\u00f4tel Michelet\" \/>\n<meta property=\"article:modified_time\" content=\"2026-04-09T15:43:53+00:00\" \/>\n<meta name=\"twitter:card\" content=\"summary_large_image\" \/>\n<meta name=\"twitter:label1\" content=\"Est. reading time\" \/>\n\t<meta name=\"twitter:data1\" content=\"1 minute\" \/>\n<script type=\"application\/ld+json\" class=\"yoast-schema-graph\">{\"@context\":\"https:\\\/\\\/schema.org\",\"@graph\":[{\"@type\":\"WebPage\",\"@id\":\"https:\\\/\\\/hotelmichelet.fr\\\/en\\\/contact\\\/\",\"url\":\"https:\\\/\\\/hotelmichelet.fr\\\/en\\\/contact\\\/\",\"name\":\"Contact - H\u00f4tel Michelet\",\"isPartOf\":{\"@id\":\"https:\\\/\\\/hotelmichelet.fr\\\/en\\\/#website\"},\"datePublished\":\"2026-03-16T09:02:49+00:00\",\"dateModified\":\"2026-04-09T15:43:53+00:00\",\"breadcrumb\":{\"@id\":\"https:\\\/\\\/hotelmichelet.fr\\\/en\\\/contact\\\/#breadcrumb\"},\"inLanguage\":\"en-US\",\"potentialAction\":[{\"@type\":\"ReadAction\",\"target\":[\"https:\\\/\\\/hotelmichelet.fr\\\/en\\\/contact\\\/\"]}]},{\"@type\":\"BreadcrumbList\",\"@id\":\"https:\\\/\\\/hotelmichelet.fr\\\/en\\\/contact\\\/#breadcrumb\",\"itemListElement\":[{\"@type\":\"ListItem\",\"position\":1,\"name\":\"Accueil\",\"item\":\"https:\\\/\\\/hotelmichelet.fr\\\/en\\\/home\\\/\"},{\"@type\":\"ListItem\",\"position\":2,\"name\":\"Contact\"}]},{\"@type\":\"WebSite\",\"@id\":\"https:\\\/\\\/hotelmichelet.fr\\\/en\\\/#website\",\"url\":\"https:\\\/\\\/hotelmichelet.fr\\\/en\\\/\",\"name\":\"H\u00f4tel Michelet\",\"description\":\"\",\"publisher\":{\"@id\":\"https:\\\/\\\/hotelmichelet.fr\\\/en\\\/#organization\"},\"potentialAction\":[{\"@type\":\"SearchAction\",\"target\":{\"@type\":\"EntryPoint\",\"urlTemplate\":\"https:\\\/\\\/hotelmichelet.fr\\\/en\\\/?s={search_term_string}\"},\"query-input\":{\"@type\":\"PropertyValueSpecification\",\"valueRequired\":true,\"valueName\":\"search_term_string\"}}],\"inLanguage\":\"en-US\"},{\"@type\":\"Organization\",\"@id\":\"https:\\\/\\\/hotelmichelet.fr\\\/en\\\/#organization\",\"name\":\"H\u00f4tel Michelet\",\"url\":\"https:\\\/\\\/hotelmichelet.fr\\\/en\\\/\",\"logo\":{\"@type\":\"ImageObject\",\"inLanguage\":\"en-US\",\"@id\":\"https:\\\/\\\/hotelmichelet.fr\\\/en\\\/#\\\/schema\\\/logo\\\/image\\\/\",\"url\":\"https:\\\/\\\/hotelmichelet.fr\\\/wp-content\\\/uploads\\\/2026\\\/03\\\/logo-michelet-soulac-plage.png\",\"contentUrl\":\"https:\\\/\\\/hotelmichelet.fr\\\/wp-content\\\/uploads\\\/2026\\\/03\\\/logo-michelet-soulac-plage.png\",\"width\":282,\"height\":357,\"caption\":\"H\u00f4tel Michelet\"},\"image\":{\"@id\":\"https:\\\/\\\/hotelmichelet.fr\\\/en\\\/#\\\/schema\\\/logo\\\/image\\\/\"}}]}<\/script>\n<!-- \/ Yoast SEO plugin. -->","yoast_head_json":{"title":"Contact - H\u00f4tel Michelet","robots":{"index":"index","follow":"follow","max-snippet":"max-snippet:-1","max-image-preview":"max-image-preview:large","max-video-preview":"max-video-preview:-1"},"canonical":"https:\/\/hotelmichelet.fr\/en\/contact\/","og_locale":"en_US","og_type":"article","og_title":"Contact - H\u00f4tel Michelet","og_description":"Contact Us! Hotel Contact Details 1 rue Bernard Baguenard, 33780 Soulac-sur-Mer hotelmicheletplage@gmail.com + 33 (0) 556098418 Facebook Instagram Contact &#916; Notify Pr\u00e9nomNom de familleEmailT\u00e9l\u00e9phoneMessageEnvoyer HOW TO GET HERE&#8230; Located 1 km from the train station (Line 42 Bordeaux\/Pointe de Grave), Hotel Michelet Plage** is ideally situated, right in the city center, not far from the &#8220;Rue de la Plage&#8221; and its shops. If you are coming by car, from Royan, the ferries provide crossings to Le Verdon; from Bordeaux, you will take the D215. You can park your vehicle in the La Baleine car park on Rue Trouche, 50m from the hotel (paid from June 15 to September 15), in the Casino car park, or in the streets of Soulac-sur-Mer&#8230;","og_url":"https:\/\/hotelmichelet.fr\/en\/contact\/","og_site_name":"H\u00f4tel Michelet","article_modified_time":"2026-04-09T15:43:53+00:00","twitter_card":"summary_large_image","twitter_misc":{"Est. reading time":"1 minute"},"schema":{"@context":"https:\/\/schema.org","@graph":[{"@type":"WebPage","@id":"https:\/\/hotelmichelet.fr\/en\/contact\/","url":"https:\/\/hotelmichelet.fr\/en\/contact\/","name":"Contact - H\u00f4tel Michelet","isPartOf":{"@id":"https:\/\/hotelmichelet.fr\/en\/#website"},"datePublished":"2026-03-16T09:02:49+00:00","dateModified":"2026-04-09T15:43:53+00:00","breadcrumb":{"@id":"https:\/\/hotelmichelet.fr\/en\/contact\/#breadcrumb"},"inLanguage":"en-US","potentialAction":[{"@type":"ReadAction","target":["https:\/\/hotelmichelet.fr\/en\/contact\/"]}]},{"@type":"BreadcrumbList","@id":"https:\/\/hotelmichelet.fr\/en\/contact\/#breadcrumb","itemListElement":[{"@type":"ListItem","position":1,"name":"Accueil","item":"https:\/\/hotelmichelet.fr\/en\/home\/"},{"@type":"ListItem","position":2,"name":"Contact"}]},{"@type":"WebSite","@id":"https:\/\/hotelmichelet.fr\/en\/#website","url":"https:\/\/hotelmichelet.fr\/en\/","name":"H\u00f4tel Michelet","description":"","publisher":{"@id":"https:\/\/hotelmichelet.fr\/en\/#organization"},"potentialAction":[{"@type":"SearchAction","target":{"@type":"EntryPoint","urlTemplate":"https:\/\/hotelmichelet.fr\/en\/?s={search_term_string}"},"query-input":{"@type":"PropertyValueSpecification","valueRequired":true,"valueName":"search_term_string"}}],"inLanguage":"en-US"},{"@type":"Organization","@id":"https:\/\/hotelmichelet.fr\/en\/#organization","name":"H\u00f4tel Michelet","url":"https:\/\/hotelmichelet.fr\/en\/","logo":{"@type":"ImageObject","inLanguage":"en-US","@id":"https:\/\/hotelmichelet.fr\/en\/#\/schema\/logo\/image\/","url":"https:\/\/hotelmichelet.fr\/wp-content\/uploads\/2026\/03\/logo-michelet-soulac-plage.png","contentUrl":"https:\/\/hotelmichelet.fr\/wp-content\/uploads\/2026\/03\/logo-michelet-soulac-plage.png","width":282,"height":357,"caption":"H\u00f4tel Michelet"},"image":{"@id":"https:\/\/hotelmichelet.fr\/en\/#\/schema\/logo\/image\/"}}]}},"_links":{"self":[{"href":"https:\/\/hotelmichelet.fr\/en\/wp-json\/wp\/v2\/pages\/908","targetHints":{"allow":["GET"]}}],"collection":[{"href":"https:\/\/hotelmichelet.fr\/en\/wp-json\/wp\/v2\/pages"}],"about":[{"href":"https:\/\/hotelmichelet.fr\/en\/wp-json\/wp\/v2\/types\/page"}],"author":[{"embeddable":true,"href":"https:\/\/hotelmichelet.fr\/en\/wp-json\/wp\/v2\/users\/2"}],"replies":[{"embeddable":true,"href":"https:\/\/hotelmichelet.fr\/en\/wp-json\/wp\/v2\/comments?post=908"}],"version-history":[{"count":1,"href":"https:\/\/hotelmichelet.fr\/en\/wp-json\/wp\/v2\/pages\/908\/revisions"}],"predecessor-version":[{"id":909,"href":"https:\/\/hotelmichelet.fr\/en\/wp-json\/wp\/v2\/pages\/908\/revisions\/909"}],"wp:attachment":[{"href":"https:\/\/hotelmichelet.fr\/en\/wp-json\/wp\/v2\/media?parent=908"}],"curies":[{"name":"wp","href":"https:\/\/api.w.org\/{rel}","templated":true}]}}